{"id":1511,"date":"2018-11-30T17:20:20","date_gmt":"2018-11-30T17:20:20","guid":{"rendered":"https:\/\/posadzkipabianice.pl\/?page_id=1511"},"modified":"2024-10-28T15:20:09","modified_gmt":"2024-10-28T15:20:09","slug":"cennik-wylewek-mixokret","status":"publish","type":"page","link":"https:\/\/posadzki.wnukart.pl\/pp_new\/cennik-wylewek-mixokret\/","title":{"rendered":"Cennik"},"content":{"rendered":"<section class=\"sh-section sh-section-688ab73200054a61677e6314d65b98b3 fw-main-row sh-section-visibility-everywhere\">\n<div class=\"sh-section-container container\">\n<div class=\"fw-row\">\n<div class=\"sh-column sh-column-a2d407095f22b452d19c2a452d9dc9da fw-col-xs-12\">\n<div class=\"sh-column-wrapper\">\n<div id=\"text-block-dcee8ad651256c03b8e5f7b172020ed8\" class=\"sh-text-block\">\n<h3>Cena robocizny zaczyna si\u0119 od 20 z\u0142 za 1 m<sup>2 <\/sup>przy powierzchni 100 m<sup>2 <\/sup>i grubo\u015bci do 7cm.<\/h3>\n<h3><\/h3>\n<p>&nbsp;<\/p>\n<h3>Cena wykonania wylewek z materia\u0142em zaczyna si\u0119 od 40 z\u0142\/m<sup>2 <\/sup>przy 100 m<sup>2<\/sup><\/h3>\n<address><strong>W sk\u0142ad materia\u0142u wchodzi:<\/strong><br \/>&#8211; \u017cwir p\u0142ukany 0-2\/0-4<br \/>&#8211; cement 32,5 lub 42,5<br \/>&#8211; plastyfikator do betonu<br \/>&#8211; w\u0142\u00f3kno polipropylenowe lub siatka stalowa<br \/>&#8211; ta\u015bma dylatacyjna<\/address>\n<address>\u00a0<\/address>\n<address>Mniejsze powierzchnie i inne \u00a0grubo\u015bci ustalane s\u0105 indywidualnie.<\/address>\n<address>\u00a0<\/address>\n<h3>Rozk\u0142adanie styropianu 5 z\u0142 m<sup>2\u00a0<\/sup>za jedn\u0105 warstw\u0119<\/h3>\n<\/div><\/div>\n<\/div>\n<\/div><\/div>\n<\/section>\n<section class=\"sh-section sh-section-ccbfc26962e08194d98bfe44577ab075 fw-main-row sh-section-visibility-everywhere\">\n<div class=\"sh-section-container container\">\n<div class=\"fw-row\">\n<div class=\"sh-column sh-column-a2d407095f22b452d19c2a452d9dc9da fw-col-xs-12\">\n<div class=\"sh-column-wrapper\">\n<div class=\"sh-heading sh-heading-style1\" id=\"heading-3dcfbf470bbf794f126e142ceb47ccdc\">\n<h2 class=\"sh-heading-content size-default\">\n\t\t\t<span style=\"text-align: center\">Jeste\u015b zainteresowany lub masz nietypow\u0105 realizacj\u0119? Z ch\u0119ci\u0105 pomo\u017cemy! <a href=\"http:\/\/posadzki.wnukart.pl\/pp_new\/kontakt\/\">Zapraszamy do kontaktu<\/a><\/span>\t\t<\/h2>\n<\/p><\/div><\/div>\n<\/div>\n<\/div><\/div>\n<\/section>\n<p><!-- 8ae07ecdf2316f5823bd86369a248cff --><\/p>\n","protected":false},"excerpt":{"rendered":"<p>Cena robocizny zaczyna si\u0119 od 20 z\u0142 za 1 m2 przy powierzchni 100 m2 i grubo\u015bci do 7cm. &nbsp; Cena wykonania wylewek z materia\u0142em zaczyna si\u0119 od 40 z\u0142\/m2 przy 100 m2 W sk\u0142ad materia\u0142u wchodzi:&#8211; \u017cwir p\u0142ukany 0-2\/0-4&#8211; cement 32,5 lub 42,5&#8211; plastyfikator do&#8230;<\/p>\n","protected":false},"author":1,"featured_media":0,"parent":0,"menu_order":0,"comment_status":"closed","ping_status":"closed","template":"","meta":{"footnotes":""},"class_list":["post-1511","page","type-page","status-publish","hentry"],"yoast_head":"<!-- This site is optimized with the Yoast SEO plugin v27.4 - https:\/\/yoast.com\/product\/yoast-seo-wordpress\/ -->\n<title>Cennik wylewek mixokret - Posadzki Pabianice - Damian Kabza<\/title>\n<meta name=\"description\" content=\"Cennik robocizny zaczyna sie od 13z\u0142 za 1m2 przy powierzchni 100m2 i grubo\u015bci do 7cm. Zapraszamy do kontaktu w celu uzyskania szczeg\u00f3\u0142owej oferty wykonania.\" \/>\n<meta name=\"robots\" content=\"index, follow, max-snippet:-1, max-image-preview:large, max-video-preview:-1\" \/>\n<link rel=\"canonical\" href=\"https:\/\/posadzki.wnukart.pl\/pp_new\/cennik-wylewek-mixokret\/\" \/>\n<meta property=\"og:locale\" content=\"pl_PL\" \/>\n<meta property=\"og:type\" content=\"article\" \/>\n<meta property=\"og:title\" content=\"Cennik wylewek mixokret - Posadzki Pabianice - Damian Kabza\" \/>\n<meta property=\"og:description\" content=\"Cennik robocizny zaczyna sie od 13z\u0142 za 1m2 przy powierzchni 100m2 i grubo\u015bci do 7cm. Zapraszamy do kontaktu w celu uzyskania szczeg\u00f3\u0142owej oferty wykonania.\" \/>\n<meta property=\"og:url\" content=\"https:\/\/posadzki.wnukart.pl\/pp_new\/cennik-wylewek-mixokret\/\" \/>\n<meta property=\"og:site_name\" content=\"Posadzki Pabianice - Damian Kabza\" \/>\n<meta property=\"article:publisher\" content=\"https:\/\/www.facebook.com\/WylewkiPosadzki-maszynowe-Pabianice-Damian-Kabza-572546549422133\" \/>\n<meta property=\"article:modified_time\" content=\"2024-10-28T15:20:09+00:00\" \/>\n<meta name=\"twitter:card\" content=\"summary_large_image\" \/>\n<meta name=\"twitter:label1\" content=\"Szacowany czas czytania\" \/>\n\t<meta name=\"twitter:data1\" content=\"1 minuta\" \/>\n<script type=\"application\/ld+json\" class=\"yoast-schema-graph\">{\"@context\":\"https:\\\/\\\/schema.org\",\"@graph\":[{\"@type\":\"WebPage\",\"@id\":\"https:\\\/\\\/posadzki.wnukart.pl\\\/pp_new\\\/cennik-wylewek-mixokret\\\/\",\"url\":\"https:\\\/\\\/posadzki.wnukart.pl\\\/pp_new\\\/cennik-wylewek-mixokret\\\/\",\"name\":\"Cennik wylewek mixokret - Posadzki Pabianice - Damian Kabza\",\"isPartOf\":{\"@id\":\"https:\\\/\\\/posadzki.wnukart.pl\\\/pp_new\\\/#website\"},\"datePublished\":\"2018-11-30T17:20:20+00:00\",\"dateModified\":\"2024-10-28T15:20:09+00:00\",\"description\":\"Cennik robocizny zaczyna sie od 13z\u0142 za 1m2 przy powierzchni 100m2 i grubo\u015bci do 7cm. Zapraszamy do kontaktu w celu uzyskania szczeg\u00f3\u0142owej oferty wykonania.\",\"breadcrumb\":{\"@id\":\"https:\\\/\\\/posadzki.wnukart.pl\\\/pp_new\\\/cennik-wylewek-mixokret\\\/#breadcrumb\"},\"inLanguage\":\"pl-PL\",\"potentialAction\":[{\"@type\":\"ReadAction\",\"target\":[\"https:\\\/\\\/posadzki.wnukart.pl\\\/pp_new\\\/cennik-wylewek-mixokret\\\/\"]}]},{\"@type\":\"BreadcrumbList\",\"@id\":\"https:\\\/\\\/posadzki.wnukart.pl\\\/pp_new\\\/cennik-wylewek-mixokret\\\/#breadcrumb\",\"itemListElement\":[{\"@type\":\"ListItem\",\"position\":1,\"name\":\"Strona g\u0142\u00f3wna\",\"item\":\"https:\\\/\\\/posadzki.wnukart.pl\\\/pp_new\\\/\"},{\"@type\":\"ListItem\",\"position\":2,\"name\":\"Cennik\"}]},{\"@type\":\"WebSite\",\"@id\":\"https:\\\/\\\/posadzki.wnukart.pl\\\/pp_new\\\/#website\",\"url\":\"https:\\\/\\\/posadzki.wnukart.pl\\\/pp_new\\\/\",\"name\":\"Posadzki Pabianice - Damian Kabza\",\"description\":\"Profesjonalne wylewanie posadzek betonowych,wylewek maszynowych zacieranych mechanicznie - \u0141\u00f3dz, Pabianice, Ksawer\u00f3w, Konstantyn\u00f3w \u0141\u00f3dzki, Aleksandr\u00f3w \u0141\u00f3dzki, \u0141ask, Zdunska Wola - Gwarancja Jako\u015bci\",\"potentialAction\":[{\"@type\":\"SearchAction\",\"target\":{\"@type\":\"EntryPoint\",\"urlTemplate\":\"https:\\\/\\\/posadzki.wnukart.pl\\\/pp_new\\\/?s={search_term_string}\"},\"query-input\":{\"@type\":\"PropertyValueSpecification\",\"valueRequired\":true,\"valueName\":\"search_term_string\"}}],\"inLanguage\":\"pl-PL\"}]}<\/script>\n<!-- \/ Yoast SEO plugin. -->","yoast_head_json":{"title":"Cennik wylewek mixokret - Posadzki Pabianice - Damian Kabza","description":"Cennik robocizny zaczyna sie od 13z\u0142 za 1m2 przy powierzchni 100m2 i grubo\u015bci do 7cm. Zapraszamy do kontaktu w celu uzyskania szczeg\u00f3\u0142owej oferty wykonania.","robots":{"index":"index","follow":"follow","max-snippet":"max-snippet:-1","max-image-preview":"max-image-preview:large","max-video-preview":"max-video-preview:-1"},"canonical":"https:\/\/posadzki.wnukart.pl\/pp_new\/cennik-wylewek-mixokret\/","og_locale":"pl_PL","og_type":"article","og_title":"Cennik wylewek mixokret - Posadzki Pabianice - Damian Kabza","og_description":"Cennik robocizny zaczyna sie od 13z\u0142 za 1m2 przy powierzchni 100m2 i grubo\u015bci do 7cm. Zapraszamy do kontaktu w celu uzyskania szczeg\u00f3\u0142owej oferty wykonania.","og_url":"https:\/\/posadzki.wnukart.pl\/pp_new\/cennik-wylewek-mixokret\/","og_site_name":"Posadzki Pabianice - Damian Kabza","article_publisher":"https:\/\/www.facebook.com\/WylewkiPosadzki-maszynowe-Pabianice-Damian-Kabza-572546549422133","article_modified_time":"2024-10-28T15:20:09+00:00","twitter_card":"summary_large_image","twitter_misc":{"Szacowany czas czytania":"1 minuta"},"schema":{"@context":"https:\/\/schema.org","@graph":[{"@type":"WebPage","@id":"https:\/\/posadzki.wnukart.pl\/pp_new\/cennik-wylewek-mixokret\/","url":"https:\/\/posadzki.wnukart.pl\/pp_new\/cennik-wylewek-mixokret\/","name":"Cennik wylewek mixokret - Posadzki Pabianice - Damian Kabza","isPartOf":{"@id":"https:\/\/posadzki.wnukart.pl\/pp_new\/#website"},"datePublished":"2018-11-30T17:20:20+00:00","dateModified":"2024-10-28T15:20:09+00:00","description":"Cennik robocizny zaczyna sie od 13z\u0142 za 1m2 przy powierzchni 100m2 i grubo\u015bci do 7cm. Zapraszamy do kontaktu w celu uzyskania szczeg\u00f3\u0142owej oferty wykonania.","breadcrumb":{"@id":"https:\/\/posadzki.wnukart.pl\/pp_new\/cennik-wylewek-mixokret\/#breadcrumb"},"inLanguage":"pl-PL","potentialAction":[{"@type":"ReadAction","target":["https:\/\/posadzki.wnukart.pl\/pp_new\/cennik-wylewek-mixokret\/"]}]},{"@type":"BreadcrumbList","@id":"https:\/\/posadzki.wnukart.pl\/pp_new\/cennik-wylewek-mixokret\/#breadcrumb","itemListElement":[{"@type":"ListItem","position":1,"name":"Strona g\u0142\u00f3wna","item":"https:\/\/posadzki.wnukart.pl\/pp_new\/"},{"@type":"ListItem","position":2,"name":"Cennik"}]},{"@type":"WebSite","@id":"https:\/\/posadzki.wnukart.pl\/pp_new\/#website","url":"https:\/\/posadzki.wnukart.pl\/pp_new\/","name":"Posadzki Pabianice - Damian Kabza","description":"Profesjonalne wylewanie posadzek betonowych,wylewek maszynowych zacieranych mechanicznie - \u0141\u00f3dz, Pabianice, Ksawer\u00f3w, Konstantyn\u00f3w \u0141\u00f3dzki, Aleksandr\u00f3w \u0141\u00f3dzki, \u0141ask, Zdunska Wola - Gwarancja Jako\u015bci","potentialAction":[{"@type":"SearchAction","target":{"@type":"EntryPoint","urlTemplate":"https:\/\/posadzki.wnukart.pl\/pp_new\/?s={search_term_string}"},"query-input":{"@type":"PropertyValueSpecification","valueRequired":true,"valueName":"search_term_string"}}],"inLanguage":"pl-PL"}]}},"_links":{"self":[{"href":"https:\/\/posadzki.wnukart.pl\/pp_new\/wp-json\/wp\/v2\/pages\/1511","targetHints":{"allow":["GET"]}}],"collection":[{"href":"https:\/\/posadzki.wnukart.pl\/pp_new\/wp-json\/wp\/v2\/pages"}],"about":[{"href":"https:\/\/posadzki.wnukart.pl\/pp_new\/wp-json\/wp\/v2\/types\/page"}],"author":[{"embeddable":true,"href":"https:\/\/posadzki.wnukart.pl\/pp_new\/wp-json\/wp\/v2\/users\/1"}],"replies":[{"embeddable":true,"href":"https:\/\/posadzki.wnukart.pl\/pp_new\/wp-json\/wp\/v2\/comments?post=1511"}],"version-history":[{"count":22,"href":"https:\/\/posadzki.wnukart.pl\/pp_new\/wp-json\/wp\/v2\/pages\/1511\/revisions"}],"predecessor-version":[{"id":2245,"href":"https:\/\/posadzki.wnukart.pl\/pp_new\/wp-json\/wp\/v2\/pages\/1511\/revisions\/2245"}],"wp:attachment":[{"href":"https:\/\/posadzki.wnukart.pl\/pp_new\/wp-json\/wp\/v2\/media?parent=1511"}],"curies":[{"name":"wp","href":"https:\/\/api.w.org\/{rel}","templated":true}]}}