{"id":1519,"date":"2018-11-30T17:24:05","date_gmt":"2018-11-30T17:24:05","guid":{"rendered":"https:\/\/posadzkipabianice.pl\/?page_id=1519"},"modified":"2021-02-02T11:15:38","modified_gmt":"2021-02-02T11:15:38","slug":"kontakt","status":"publish","type":"page","link":"https:\/\/posadzki.wnukart.pl\/pp_new\/kontakt\/","title":{"rendered":"Kontakt"},"content":{"rendered":"<section class=\"sh-section sh-section-66fd907608270d07436a0917e8d8f41e fw-main-row sh-section-visibility-everywhere\">\n<div class=\"sh-section-container container\">\n<div class=\"fw-row\">\n<div class=\"sh-column sh-column-7cf9db990fb9d3eecd915d560d2720d3 fw-col-xs-12\">\n<div class=\"sh-column-wrapper\">\n<div class=\"sh-heading sh-heading-style1 sh-animated fadeIn\">\n<h2 class=\"sh-heading-content size-default\">\n\t\t\t<span style=\"text-align: center\">Poszukujesz solidnej firmy posadzkarskiej?<\/span><span style=\"text-align: center\"><strong>Zapraszamy do kontaktu z firm\u0105 Posadzki Pabianice w celu wyceny inwestycji i um\u00f3wienia terminu realizacji.<\/strong><\/span>\t\t<\/h2>\n<\/p><\/div><\/div>\n<\/div>\n<\/div><\/div>\n<\/section>\n<section class=\"sh-section sh-section-461c037f198770860127e04e53df6fb6 fw-main-row sh-section-visibility-everywhere\" id=\"contacts\">\n<div class=\"sh-section-container container\">\n<div class=\"fw-row\">\n<div class=\"sh-column sh-column-41f34b53b855690a991863423505ce4b fw-col-xs-12 fw-col-sm-8 sh-column-mobile-padding\">\n<div class=\"sh-column-wrapper\">\n<div class=\"sh-heading sh-heading-style1\" id=\"heading-b3ab441f7bd43423cef990fa97c5c3d0\">\n<h1 class=\"sh-heading-content size-l\">\n\t\t\t<span style=\"text-align: left\"><strong style=\"font-weight: 900\">Odwied\u017a<\/strong> nas<\/span>\t\t<\/h1>\n<\/p><\/div>\n<div class=\"sh-empty-space\" id=\"empty-space-130b0716f17343e13aa8f471511b8fac\"><\/div>\n<div id=\"text-block-c4933285b2aa2e9268ac7800c06ea1f9\" class=\"sh-text-block\">\n<\/div><\/div>\n<\/div>\n<div class=\"sh-column sh-column-f9aef7c0285bfee5e1ae8626255b563d fw-col-xs-12 fw-col-sm-4 sh-column-mobile-padding\">\n<div class=\"sh-column-wrapper\">\n<div class=\"sh-heading sh-heading-style1\" id=\"heading-26dad82dce9bd458c1a24d7fb6d77ece\">\n<h1 class=\"sh-heading-content size-l\">\n\t\t\t<span style=\"text-align: left\"><strong style=\"font-weight: 900\">Dane\u00a0<\/strong>kontaktowe<\/span>\t\t<\/h1>\n<\/p><\/div>\n<div class=\"sh-empty-space\" id=\"empty-space-6da809fcba139d693fd586c7563f875c\"><\/div>\n<div class=\"sh-iconbox sh-iconbox-style2 sh-iconbox-left\" id=\"iconbox-b3f9ca7372ba873cdb71ff818ceddc8d\">\n<div class=\"sh-iconbox-icon\">\n<div class=\"sh-iconbox-icon-shape sh-iconbox-square\">\n\t\t\t\t\t<i class=\"sh-iconbox-hover icon-location-pin\"><\/i><\/p><\/div><\/div>\n<div class=\"sh-iconbox-aside\">\n<div class=\"sh-iconbox-title\">\n<h3>ADRES<\/h3>\n<\/p><\/div>\n<div class=\"sh-iconbox-seperator\"><\/div>\n<div class=\"sh-iconbox-content\">\n<p>ul. Podmiejska 107j, 95-200 Pabianice<\/p>\n<\/p><\/div><\/div><\/div>\n<div class=\"sh-empty-space\" id=\"empty-space-8dc6a2e91ffcec451d034203cd70b7d1\"><\/div>\n<div class=\"sh-iconbox sh-iconbox-style2 sh-iconbox-left\" id=\"iconbox-010f0c6d29f7e87f82ea215f89838616\">\n<div class=\"sh-iconbox-icon\">\n<div class=\"sh-iconbox-icon-shape sh-iconbox-square\">\n\t\t\t\t\t<i class=\"sh-iconbox-hover icon-envelope\"><\/i><\/p><\/div><\/div>\n<div class=\"sh-iconbox-aside\">\n<div class=\"sh-iconbox-title\">\n<h3>E-MAIL<\/h3>\n<\/p><\/div>\n<div class=\"sh-iconbox-seperator\"><\/div>\n<div class=\"sh-iconbox-content\">\n<p>damian_1985@wp.pl<\/p>\n<\/p><\/div><\/div><\/div>\n<div class=\"sh-empty-space\" id=\"empty-space-56c618f3e4c8f8d952363220d5a83c1d\"><\/div>\n<div class=\"sh-iconbox sh-iconbox-style2 sh-iconbox-left\" id=\"iconbox-2d412863df28c1ea1887b3147a5530dc\">\n<div class=\"sh-iconbox-icon\">\n<div class=\"sh-iconbox-icon-shape sh-iconbox-square\">\n\t\t\t\t\t<i class=\"sh-iconbox-hover icon-phone\"><\/i><\/p><\/div><\/div>\n<div class=\"sh-iconbox-aside\">\n<div class=\"sh-iconbox-title\">\n<h3>TELEFON<\/h3>\n<\/p><\/div>\n<div class=\"sh-iconbox-seperator\"><\/div>\n<div class=\"sh-iconbox-content\">\n<p>(+48)\u00a0694-320-908<\/p>\n<\/p><\/div><\/div><\/div>\n<div class=\"sh-empty-space\" id=\"empty-space-96a7fc30a92ed22969cf3097a1ce89d2\"><\/div>\n<div class=\"sh-iconbox sh-iconbox-style2 sh-iconbox-left\" id=\"iconbox-3f0b32481184f9c5b1f9b61d05193a3e\">\n<div class=\"sh-iconbox-icon\">\n<div class=\"sh-iconbox-icon-shape sh-iconbox-square\">\n\t\t\t\t\t<i class=\"sh-iconbox-hover icon-clock\"><\/i><\/p><\/div><\/div>\n<div class=\"sh-iconbox-aside\">\n<div class=\"sh-iconbox-title\">\n<h3>GODZINY PRACY<\/h3>\n<\/p><\/div>\n<div class=\"sh-iconbox-seperator\"><\/div>\n<div class=\"sh-iconbox-content\">\n<p>Poniedzia\u0142ek &#8211; Pi\u0105tek 10:00 &#8211; 18:00<\/p>\n<\/p><\/div><\/div><\/div>\n<div class=\"sh-empty-space\" id=\"empty-space-19e517e37286498ee57cec19a1a3c8bf\"><\/div>\n<div class=\"sh-iconbox sh-iconbox-style2 sh-iconbox-left improved-responsiveness\" id=\"iconbox-927cb667a6df26711619ea9c19ee84d0\">\n<div class=\"sh-iconbox-icon\">\n<div class=\"sh-iconbox-icon-shape sh-iconbox-square\">\n\t\t\t\t\t<i class=\"sh-iconbox-hover icon-social-facebook\"><\/i><\/p><\/div><\/div>\n<div class=\"sh-iconbox-aside\">\n<div class=\"sh-iconbox-title\">\n\t\t\t\t\t\t\t\t\t<a href=\"https:\/\/www.facebook.com\/WylewkiPosadzki-maszynowe-Pabianice-Damian-Kabza-572546549422133\"><\/p>\n<h3>FACEBOOK<\/h3>\n<p>\t\t\t\t\t<\/a>\n\t\t\t\t\t\t\t<\/div>\n<div class=\"sh-iconbox-seperator\"><\/div>\n<div class=\"sh-iconbox-content\">\n<p>Posadzki maszynowe Pabianice<\/p>\n<\/p><\/div><\/div><\/div>\n<div class=\"sh-iconbox sh-iconbox-style2 sh-iconbox-left\" id=\"iconbox-de54696644ba669a3ae5ae77ba925518\">\n<div class=\"sh-iconbox-icon\">\n<div class=\"sh-iconbox-icon-shape sh-iconbox-square\">\n\t\t\t\t\t<i class=\"sh-iconbox-hover icon-info\"><\/i><\/p><\/div><\/div>\n<div class=\"sh-iconbox-aside\">\n<div class=\"sh-iconbox-title\">\n<h3>DODATKOWE INFORMACJE<\/h3>\n<\/p><\/div>\n<div class=\"sh-iconbox-seperator\"><\/div>\n<div class=\"sh-iconbox-content\">\n<p><em>Lorem ipsum dolor sit amet, consectetur adipiscing elit. Aenean hendrerit vel mauris at tincidunt.&nbsp;<\/em><\/p>\n<\/p><\/div><\/div><\/div><\/div>\n<\/div>\n<\/div><\/div>\n<\/section>\n<p><!-- 0ba881c1910e0dab35663b3b74e757a6 --><\/p>\n","protected":false},"excerpt":{"rendered":"<p>Poszukujesz solidnej firmy posadzkarskiej?Zapraszamy do kontaktu z firm\u0105 Posadzki Pabianice w celu wyceny inwestycji i um\u00f3wienia terminu realizacji. Odwied\u017a nas Dane\u00a0kontaktowe ADRES ul. Podmiejska 107j, 95-200 Pabianice E-MAIL damian_1985@wp.pl TELEFON (+48)\u00a0694-320-908 GODZINY PRACY Poniedzia\u0142ek &#8211; Pi\u0105tek 10:00 &#8211; 18:00 FACEBOOK Posadzki maszynowe Pabianice DODATKOWE INFORMACJE&#8230;<\/p>\n","protected":false},"author":1,"featured_media":0,"parent":0,"menu_order":0,"comment_status":"closed","ping_status":"closed","template":"","meta":{"footnotes":""},"class_list":["post-1519","page","type-page","status-publish","hentry"],"yoast_head":"<!-- This site is optimized with the Yoast SEO plugin v27.4 - https:\/\/yoast.com\/product\/yoast-seo-wordpress\/ -->\n<title>Kontakt - Posadzki Pabianice - Damian Kabza<\/title>\n<meta name=\"description\" content=\"Poszukujesz solidnej firmy posadzkarskiej? Zapraszamy do kontaktu w celu wyceny inwestycji i um\u00f3wienia terminu realizacji.\" \/>\n<meta name=\"robots\" content=\"index, follow, max-snippet:-1, max-image-preview:large, max-video-preview:-1\" \/>\n<link rel=\"canonical\" href=\"https:\/\/posadzki.wnukart.pl\/pp_new\/kontakt\/\" \/>\n<meta property=\"og:locale\" content=\"pl_PL\" \/>\n<meta property=\"og:type\" content=\"article\" \/>\n<meta property=\"og:title\" content=\"Kontakt - Posadzki Pabianice - Damian Kabza\" \/>\n<meta property=\"og:description\" content=\"Poszukujesz solidnej firmy posadzkarskiej? Zapraszamy do kontaktu w celu wyceny inwestycji i um\u00f3wienia terminu realizacji.\" \/>\n<meta property=\"og:url\" content=\"https:\/\/posadzki.wnukart.pl\/pp_new\/kontakt\/\" \/>\n<meta property=\"og:site_name\" content=\"Posadzki Pabianice - Damian Kabza\" \/>\n<meta property=\"article:publisher\" content=\"https:\/\/www.facebook.com\/WylewkiPosadzki-maszynowe-Pabianice-Damian-Kabza-572546549422133\" \/>\n<meta property=\"article:modified_time\" content=\"2021-02-02T11:15:38+00:00\" \/>\n<meta name=\"twitter:card\" content=\"summary_large_image\" \/>\n<script type=\"application\/ld+json\" class=\"yoast-schema-graph\">{\"@context\":\"https:\\\/\\\/schema.org\",\"@graph\":[{\"@type\":\"WebPage\",\"@id\":\"https:\\\/\\\/posadzki.wnukart.pl\\\/pp_new\\\/kontakt\\\/\",\"url\":\"https:\\\/\\\/posadzki.wnukart.pl\\\/pp_new\\\/kontakt\\\/\",\"name\":\"Kontakt - Posadzki Pabianice - Damian Kabza\",\"isPartOf\":{\"@id\":\"https:\\\/\\\/posadzki.wnukart.pl\\\/pp_new\\\/#website\"},\"datePublished\":\"2018-11-30T17:24:05+00:00\",\"dateModified\":\"2021-02-02T11:15:38+00:00\",\"description\":\"Poszukujesz solidnej firmy posadzkarskiej? Zapraszamy do kontaktu w celu wyceny inwestycji i um\u00f3wienia terminu realizacji.\",\"breadcrumb\":{\"@id\":\"https:\\\/\\\/posadzki.wnukart.pl\\\/pp_new\\\/kontakt\\\/#breadcrumb\"},\"inLanguage\":\"pl-PL\",\"potentialAction\":[{\"@type\":\"ReadAction\",\"target\":[\"https:\\\/\\\/posadzki.wnukart.pl\\\/pp_new\\\/kontakt\\\/\"]}]},{\"@type\":\"BreadcrumbList\",\"@id\":\"https:\\\/\\\/posadzki.wnukart.pl\\\/pp_new\\\/kontakt\\\/#breadcrumb\",\"itemListElement\":[{\"@type\":\"ListItem\",\"position\":1,\"name\":\"Strona g\u0142\u00f3wna\",\"item\":\"https:\\\/\\\/posadzki.wnukart.pl\\\/pp_new\\\/\"},{\"@type\":\"ListItem\",\"position\":2,\"name\":\"Kontakt\"}]},{\"@type\":\"WebSite\",\"@id\":\"https:\\\/\\\/posadzki.wnukart.pl\\\/pp_new\\\/#website\",\"url\":\"https:\\\/\\\/posadzki.wnukart.pl\\\/pp_new\\\/\",\"name\":\"Posadzki Pabianice - Damian Kabza\",\"description\":\"Profesjonalne wylewanie posadzek betonowych,wylewek maszynowych zacieranych mechanicznie - \u0141\u00f3dz, Pabianice, Ksawer\u00f3w, Konstantyn\u00f3w \u0141\u00f3dzki, Aleksandr\u00f3w \u0141\u00f3dzki, \u0141ask, Zdunska Wola - Gwarancja Jako\u015bci\",\"potentialAction\":[{\"@type\":\"SearchAction\",\"target\":{\"@type\":\"EntryPoint\",\"urlTemplate\":\"https:\\\/\\\/posadzki.wnukart.pl\\\/pp_new\\\/?s={search_term_string}\"},\"query-input\":{\"@type\":\"PropertyValueSpecification\",\"valueRequired\":true,\"valueName\":\"search_term_string\"}}],\"inLanguage\":\"pl-PL\"}]}<\/script>\n<!-- \/ Yoast SEO plugin. -->","yoast_head_json":{"title":"Kontakt - Posadzki Pabianice - Damian Kabza","description":"Poszukujesz solidnej firmy posadzkarskiej? Zapraszamy do kontaktu w celu wyceny inwestycji i um\u00f3wienia terminu realizacji.","robots":{"index":"index","follow":"follow","max-snippet":"max-snippet:-1","max-image-preview":"max-image-preview:large","max-video-preview":"max-video-preview:-1"},"canonical":"https:\/\/posadzki.wnukart.pl\/pp_new\/kontakt\/","og_locale":"pl_PL","og_type":"article","og_title":"Kontakt - Posadzki Pabianice - Damian Kabza","og_description":"Poszukujesz solidnej firmy posadzkarskiej? Zapraszamy do kontaktu w celu wyceny inwestycji i um\u00f3wienia terminu realizacji.","og_url":"https:\/\/posadzki.wnukart.pl\/pp_new\/kontakt\/","og_site_name":"Posadzki Pabianice - Damian Kabza","article_publisher":"https:\/\/www.facebook.com\/WylewkiPosadzki-maszynowe-Pabianice-Damian-Kabza-572546549422133","article_modified_time":"2021-02-02T11:15:38+00:00","twitter_card":"summary_large_image","schema":{"@context":"https:\/\/schema.org","@graph":[{"@type":"WebPage","@id":"https:\/\/posadzki.wnukart.pl\/pp_new\/kontakt\/","url":"https:\/\/posadzki.wnukart.pl\/pp_new\/kontakt\/","name":"Kontakt - Posadzki Pabianice - Damian Kabza","isPartOf":{"@id":"https:\/\/posadzki.wnukart.pl\/pp_new\/#website"},"datePublished":"2018-11-30T17:24:05+00:00","dateModified":"2021-02-02T11:15:38+00:00","description":"Poszukujesz solidnej firmy posadzkarskiej? Zapraszamy do kontaktu w celu wyceny inwestycji i um\u00f3wienia terminu realizacji.","breadcrumb":{"@id":"https:\/\/posadzki.wnukart.pl\/pp_new\/kontakt\/#breadcrumb"},"inLanguage":"pl-PL","potentialAction":[{"@type":"ReadAction","target":["https:\/\/posadzki.wnukart.pl\/pp_new\/kontakt\/"]}]},{"@type":"BreadcrumbList","@id":"https:\/\/posadzki.wnukart.pl\/pp_new\/kontakt\/#breadcrumb","itemListElement":[{"@type":"ListItem","position":1,"name":"Strona g\u0142\u00f3wna","item":"https:\/\/posadzki.wnukart.pl\/pp_new\/"},{"@type":"ListItem","position":2,"name":"Kontakt"}]},{"@type":"WebSite","@id":"https:\/\/posadzki.wnukart.pl\/pp_new\/#website","url":"https:\/\/posadzki.wnukart.pl\/pp_new\/","name":"Posadzki Pabianice - Damian Kabza","description":"Profesjonalne wylewanie posadzek betonowych,wylewek maszynowych zacieranych mechanicznie - \u0141\u00f3dz, Pabianice, Ksawer\u00f3w, Konstantyn\u00f3w \u0141\u00f3dzki, Aleksandr\u00f3w \u0141\u00f3dzki, \u0141ask, Zdunska Wola - Gwarancja Jako\u015bci","potentialAction":[{"@type":"SearchAction","target":{"@type":"EntryPoint","urlTemplate":"https:\/\/posadzki.wnukart.pl\/pp_new\/?s={search_term_string}"},"query-input":{"@type":"PropertyValueSpecification","valueRequired":true,"valueName":"search_term_string"}}],"inLanguage":"pl-PL"}]}},"_links":{"self":[{"href":"https:\/\/posadzki.wnukart.pl\/pp_new\/wp-json\/wp\/v2\/pages\/1519","targetHints":{"allow":["GET"]}}],"collection":[{"href":"https:\/\/posadzki.wnukart.pl\/pp_new\/wp-json\/wp\/v2\/pages"}],"about":[{"href":"https:\/\/posadzki.wnukart.pl\/pp_new\/wp-json\/wp\/v2\/types\/page"}],"author":[{"embeddable":true,"href":"https:\/\/posadzki.wnukart.pl\/pp_new\/wp-json\/wp\/v2\/users\/1"}],"replies":[{"embeddable":true,"href":"https:\/\/posadzki.wnukart.pl\/pp_new\/wp-json\/wp\/v2\/comments?post=1519"}],"version-history":[{"count":61,"href":"https:\/\/posadzki.wnukart.pl\/pp_new\/wp-json\/wp\/v2\/pages\/1519\/revisions"}],"predecessor-version":[{"id":2236,"href":"https:\/\/posadzki.wnukart.pl\/pp_new\/wp-json\/wp\/v2\/pages\/1519\/revisions\/2236"}],"wp:attachment":[{"href":"https:\/\/posadzki.wnukart.pl\/pp_new\/wp-json\/wp\/v2\/media?parent=1519"}],"curies":[{"name":"wp","href":"https:\/\/api.w.org\/{rel}","templated":true}]}}