{"id":2,"date":"2018-11-30T15:03:48","date_gmt":"2018-11-30T15:03:48","guid":{"rendered":"https:\/\/posadzkipabianice.pl\/?page_id=2"},"modified":"2021-02-02T00:37:58","modified_gmt":"2021-02-02T00:37:58","slug":"o-firmie","status":"publish","type":"page","link":"https:\/\/posadzki.wnukart.pl\/pp_new\/o-firmie\/","title":{"rendered":"O firmie"},"content":{"rendered":"<section class=\"sh-section sh-section-0c53cbe306c64363949d697fe922a157 fw-main-row sh-section-visibility-everywhere\">\n<div class=\"sh-section-container container\">\n<div class=\"fw-row\">\n<div class=\"sh-column sh-column-3c05450e323583fc8a80a62cbd49f850 fw-col-xs-12\">\n<div class=\"sh-column-wrapper\">\n<div class=\"sh-heading  \" id=\"heading-fb908bb6ac31942ed71494da9dcdcb77\">\n<div class=\"sh-element-margin\">\n<h2 class=\"sh-heading-content size-default text-center\">\n\t\t\t\tPosadzki Pabianice, to coraz bardziej rozpoznawalna marka na \u0142\u00f3dzkim rynku budowlanym. \t\t\t<\/h2>\n<\/p><\/div>\n<\/div><\/div>\n<\/div>\n<\/div><\/div>\n<\/section>\n<section class=\"sh-section sh-section-ab2271ae45a88ce4fc10c349cc96ec3f fw-main-row sh-section-visibility-everywhere\">\n<div class=\"sh-section-container container\">\n<div class=\"fw-row\">\n<div class=\"sh-column sh-column-41fa5192918394ce5199048ccb30d30d fw-col-xs-12 fw-col-sm-6\">\n<div class=\"sh-column-wrapper\">\n<div id=\"text-block-7e74c700d19190e56470ab3e9cd0f423\" class=\"sh-text-block\">\n<h3>Jeste\u015bmy rodzinnym zak\u0142adem z du\u017cymi tradycjami i bogatym do\u015bwiadczeniem w bran\u017cy posadzkarskiej.<\/h3>\n<p><strong>Nasza firma usytuowana jest w Pabianicach. Dzia\u0142amy nieprzerwanie od 2012 stale poszerzaj\u0105c grono naszych klient\u00f3w. Przyjmujemy zlecenia na wykonanie prac na terenie ca\u0142ego wojew\u00f3dztwa \u0142\u00f3dzkiego.<\/strong><\/p>\n<\/div>\n<div id=\"text-block-95b342ffc87a03088eb35703af5bbbfc\" class=\"sh-text-block\">\n<p>O naszym zaanga\u017cowaniu oraz profesjonalnym podej\u015bciu do wykonywanych zada\u0144 najlepiej \u015bwiadcz\u0105 setki zrealizowanych projekt\u00f3w nie tylko w \u0141odzi czy Pabianicach, ale tak\u017ce w wielu innych miejscowo\u015bciach wojew\u00f3dztwa \u0142\u00f3dzkiego: Aleksandrowie \u0141\u00f3dzkim, Konstantynowie \u0141\u00f3dzkim, Ksawerowie, Lutomiersku, \u0141asku, Zdu\u0144skiej Woli, Rzgowie czy D\u0142utowie.<\/p>\n<p>Gor\u0105co zach\u0119camy do zapoznania si\u0119 z wykonanymi przez nas <a href=\"http:\/\/posadzki.wnukart.pl\/pp_new\/realizacje\/\">realizacjami<\/a>.<\/p>\n<\/div>\n<div id=\"text-block-c108159b3e5fd7c5238e8f4787b0440c\" class=\"sh-text-block\">\n<p>Gwarantujemy fachowe porady oraz najwy\u017csz\u0105 jako\u015b\u0107 wykonywanych us\u0142ug. Wyr\u00f3\u017cniamy si\u0119 r\u00f3wnie\u017c dok\u0142adno\u015bci\u0105 i terminowo\u015bci\u0105, gdy\u017c szanujemy czas i fundusze ka\u017cdego naszego Klienta.<\/p>\n<\/div><\/div>\n<\/div>\n<div class=\"sh-column sh-column-aad6b26378310062f6ef72d4ef9de81c fw-col-xs-12 fw-col-sm-6\">\n<div class=\"sh-column-wrapper\">\n<div id=\"single-image-b2e21b882a1e060a0c00222fd7efc3c8\" class=\"sh-single-image  \">\n<div class=\"sh-element-margin\">\n<div class=\"sh-single-image-container\">\n<p>\t\t\t\t\t\t\t\t\t\t\t\t\t\t\t<a href=\"\/\/posadzkipabianice.pl\/wp-content\/uploads\/2019\/03\/wylewki_mixokret_dom_prywatny-1.jpg\" rel=\"lightbox\"><\/p>\n<p>\t\t\t\t\t\t\t\t\t\t\t\t\t<img decoding=\"async\" class=\"sh-image-url\" src=\"http:\/\/posadzki.wnukart.pl\/pp_new\/wp-content\/uploads\/2019\/03\/wylewki_mixokret_dom_prywatny-1-1024x768.jpg\" alt=\"wylewki_mixokret_dom_prywatny (1)\" \/><\/p>\n<p>\t\t\t\t\t\t\t\t\t\t\t<\/a><\/p><\/div><\/div>\n<\/div><\/div>\n<\/div>\n<\/div><\/div>\n<\/section>\n<section class=\"sh-section sh-section-7e084ebae5626fc5bf2e8c507cc4fe36 fw-main-row sh-section-visibility-everywhere\">\n<div class=\"sh-section-container container\">\n<div class=\"fw-row\">\n<div class=\"sh-column sh-column-f9a4ce309b6dfe2419c1d4ba8397871d fw-col-xs-12 fw-col-sm-6\">\n<div class=\"sh-column-wrapper\">\n<div id=\"single-image-c78cd456966cbeb635bb51929b941ef7\" class=\"sh-single-image  \">\n<div class=\"sh-element-margin\">\n<div class=\"sh-single-image-container\">\n<p>\t\t\t\t\t\t\t\t\t\t\t\t\t\t\t<a href=\"\/\/posadzkipabianice.pl\/wp-content\/uploads\/2019\/03\/wylewki_mixokret_dom_prywatny-16.jpg\" rel=\"lightbox\"><\/p>\n<p>\t\t\t\t\t\t\t\t\t\t\t\t\t<img decoding=\"async\" class=\"sh-image-url\" src=\"http:\/\/posadzki.wnukart.pl\/pp_new\/wp-content\/uploads\/2019\/03\/wylewki_mixokret_dom_prywatny-16-1024x768.jpg\" alt=\"wylewki_mixokret_dom_prywatny (16)\" \/><\/p>\n<p>\t\t\t\t\t\t\t\t\t\t\t<\/a><\/p><\/div><\/div>\n<\/div><\/div>\n<\/div>\n<div class=\"sh-column sh-column-a17be52febb7867ba9e287500d421cd8 fw-col-xs-12 fw-col-sm-6\">\n<div class=\"sh-column-wrapper\">\n<div id=\"text-block-648251d78475b060e076262edd7702af\" class=\"sh-text-block\">\n<p>Pracujemy przez ca\u0142y rok bez wzgl\u0119du na panuj\u0105ce warunki atmosferyczne. Jedynym warunkiem jest to, \u017ce w pomieszczeniu, w kt\u00f3rym wykonywane s\u0105 prace, musi by\u0107 dodatnia temperatura.<\/p>\n<\/div>\n<div id=\"text-block-6cc5bb48b705dda9316c17460c7839fb\" class=\"sh-text-block\">\n<p>Wsp\u00f3\u0142pracujemy z inwestorami indywidualnymi, firmami budowlanymi oraz innymi podmiotami gospodarczymi. Na \u017cyczenie Klienta wystawiamy faktur\u0119 VAT za wykonane us\u0142ugi.<\/p>\n<\/div>\n<div id=\"text-block-1db291b5b3a2788558622f0ac760ff30\" class=\"sh-text-block\">\n<p>Zapraszamy do kontaktu w celu otrzymania bezp\u0142atnej wyceny, ustalenia szczeg\u00f3\u0142\u00f3w wsp\u00f3\u0142pracy oraz wybrania dogodnego dla Pa\u0144stwa terminu.<\/p>\n<\/div>\n<div id=\"button-54e8fec8b7f56e3a5fa6d200fe507735\" class=\"sh-button-container  sh-button-style-2\">\n<div class=\"sh-element-margin\">\n\t\t<a href=\"http:\/\/posadzki.wnukart.pl\/pp_new\/kontakt\/\" target=\"_self\" class=\"sh-button sh-button-medium sh-button-icon-left\" rel=\"noopener\"><\/p>\n<p>\t\t\t\t\t\t\t<span class=\"sh-button-icon\"><br \/>\n\t\t\t\t\t<i class=\"ti-mobile\"><\/i><br \/>\n\t\t\t\t<\/span><\/p>\n<p>\t\t\t\t\t\t\t<span class=\"sh-button-text\"><br \/>\n\t\t\t\t\tSKONTAKTUJ SI\u0118 Z NAMI\t\t\t\t<\/span><\/p>\n<p>\t\t<\/a>\n\t\t\t<\/div>\n<\/div><\/div>\n<\/div>\n<\/div><\/div>\n<\/section>\n<p><!-- 3a27c00ea8ada8a62b0ab16de6e7e87d --><\/p>\n","protected":false},"excerpt":{"rendered":"<p>Posadzki Pabianice, to coraz bardziej rozpoznawalna marka na \u0142\u00f3dzkim rynku budowlanym. Jeste\u015bmy rodzinnym zak\u0142adem z du\u017cymi tradycjami i bogatym do\u015bwiadczeniem w bran\u017cy posadzkarskiej. Nasza firma usytuowana jest w Pabianicach. Dzia\u0142amy nieprzerwanie od 2012 stale poszerzaj\u0105c grono naszych klient\u00f3w. Przyjmujemy zlecenia na wykonanie prac na terenie&#8230;<\/p>\n","protected":false},"author":1,"featured_media":0,"parent":0,"menu_order":0,"comment_status":"open","ping_status":"open","template":"","meta":{"footnotes":""},"class_list":["post-2","page","type-page","status-publish","hentry"],"yoast_head":"<!-- This site is optimized with the Yoast SEO plugin v27.4 - https:\/\/yoast.com\/product\/yoast-seo-wordpress\/ -->\n<title>O firmie - Posadzki Pabianice - Damian Kabza<\/title>\n<meta name=\"description\" content=\"Profesjonalne wylewanie posadzek betonowych, mixokret. Obs\u0142ugujemy ca\u0142y okr\u0119g \u0142\u00f3dzki. Gwarantujemy wysok\u0105 jako\u015b\u0107 naszych us\u0142ug oraz zadowolenie klienta.\" \/>\n<meta name=\"robots\" content=\"index, follow, max-snippet:-1, max-image-preview:large, max-video-preview:-1\" \/>\n<link rel=\"canonical\" href=\"https:\/\/posadzki.wnukart.pl\/pp_new\/o-firmie\/\" \/>\n<meta property=\"og:locale\" content=\"pl_PL\" \/>\n<meta property=\"og:type\" content=\"article\" \/>\n<meta property=\"og:title\" content=\"O firmie - Posadzki Pabianice - Damian Kabza\" \/>\n<meta property=\"og:description\" content=\"Profesjonalne wylewanie posadzek betonowych, mixokret. Obs\u0142ugujemy ca\u0142y okr\u0119g \u0142\u00f3dzki. Gwarantujemy wysok\u0105 jako\u015b\u0107 naszych us\u0142ug oraz zadowolenie klienta.\" \/>\n<meta property=\"og:url\" content=\"https:\/\/posadzki.wnukart.pl\/pp_new\/o-firmie\/\" \/>\n<meta property=\"og:site_name\" content=\"Posadzki Pabianice - Damian Kabza\" \/>\n<meta property=\"article:publisher\" content=\"https:\/\/www.facebook.com\/WylewkiPosadzki-maszynowe-Pabianice-Damian-Kabza-572546549422133\" \/>\n<meta property=\"article:modified_time\" content=\"2021-02-02T00:37:58+00:00\" \/>\n<meta property=\"og:image\" content=\"http:\/\/posadzki.wnukart.pl\/pp_new\/wp-content\/uploads\/2019\/03\/wylewki_mixokret_dom_prywatny-1-1024x768.jpg\" \/>\n<meta name=\"twitter:card\" content=\"summary_large_image\" \/>\n<meta name=\"twitter:label1\" content=\"Szacowany czas czytania\" \/>\n\t<meta name=\"twitter:data1\" content=\"1 minuta\" \/>\n<script type=\"application\/ld+json\" class=\"yoast-schema-graph\">{\"@context\":\"https:\\\/\\\/schema.org\",\"@graph\":[{\"@type\":\"WebPage\",\"@id\":\"https:\\\/\\\/posadzki.wnukart.pl\\\/pp_new\\\/o-firmie\\\/\",\"url\":\"https:\\\/\\\/posadzki.wnukart.pl\\\/pp_new\\\/o-firmie\\\/\",\"name\":\"O firmie - Posadzki Pabianice - Damian Kabza\",\"isPartOf\":{\"@id\":\"https:\\\/\\\/posadzki.wnukart.pl\\\/pp_new\\\/#website\"},\"primaryImageOfPage\":{\"@id\":\"https:\\\/\\\/posadzki.wnukart.pl\\\/pp_new\\\/o-firmie\\\/#primaryimage\"},\"image\":{\"@id\":\"https:\\\/\\\/posadzki.wnukart.pl\\\/pp_new\\\/o-firmie\\\/#primaryimage\"},\"thumbnailUrl\":\"http:\\\/\\\/posadzki.wnukart.pl\\\/pp_new\\\/wp-content\\\/uploads\\\/2019\\\/03\\\/wylewki_mixokret_dom_prywatny-1-1024x768.jpg\",\"datePublished\":\"2018-11-30T15:03:48+00:00\",\"dateModified\":\"2021-02-02T00:37:58+00:00\",\"description\":\"Profesjonalne wylewanie posadzek betonowych, mixokret. Obs\u0142ugujemy ca\u0142y okr\u0119g \u0142\u00f3dzki. Gwarantujemy wysok\u0105 jako\u015b\u0107 naszych us\u0142ug oraz zadowolenie klienta.\",\"breadcrumb\":{\"@id\":\"https:\\\/\\\/posadzki.wnukart.pl\\\/pp_new\\\/o-firmie\\\/#breadcrumb\"},\"inLanguage\":\"pl-PL\",\"potentialAction\":[{\"@type\":\"ReadAction\",\"target\":[\"https:\\\/\\\/posadzki.wnukart.pl\\\/pp_new\\\/o-firmie\\\/\"]}]},{\"@type\":\"ImageObject\",\"inLanguage\":\"pl-PL\",\"@id\":\"https:\\\/\\\/posadzki.wnukart.pl\\\/pp_new\\\/o-firmie\\\/#primaryimage\",\"url\":\"https:\\\/\\\/posadzki.wnukart.pl\\\/pp_new\\\/wp-content\\\/uploads\\\/2019\\\/03\\\/wylewki_mixokret_dom_prywatny-1.jpg\",\"contentUrl\":\"https:\\\/\\\/posadzki.wnukart.pl\\\/pp_new\\\/wp-content\\\/uploads\\\/2019\\\/03\\\/wylewki_mixokret_dom_prywatny-1.jpg\",\"width\":2048,\"height\":1536},{\"@type\":\"BreadcrumbList\",\"@id\":\"https:\\\/\\\/posadzki.wnukart.pl\\\/pp_new\\\/o-firmie\\\/#breadcrumb\",\"itemListElement\":[{\"@type\":\"ListItem\",\"position\":1,\"name\":\"Strona g\u0142\u00f3wna\",\"item\":\"https:\\\/\\\/posadzki.wnukart.pl\\\/pp_new\\\/\"},{\"@type\":\"ListItem\",\"position\":2,\"name\":\"O firmie\"}]},{\"@type\":\"WebSite\",\"@id\":\"https:\\\/\\\/posadzki.wnukart.pl\\\/pp_new\\\/#website\",\"url\":\"https:\\\/\\\/posadzki.wnukart.pl\\\/pp_new\\\/\",\"name\":\"Posadzki Pabianice - Damian Kabza\",\"description\":\"Profesjonalne wylewanie posadzek betonowych,wylewek maszynowych zacieranych mechanicznie - \u0141\u00f3dz, Pabianice, Ksawer\u00f3w, Konstantyn\u00f3w \u0141\u00f3dzki, Aleksandr\u00f3w \u0141\u00f3dzki, \u0141ask, Zdunska Wola - Gwarancja Jako\u015bci\",\"potentialAction\":[{\"@type\":\"SearchAction\",\"target\":{\"@type\":\"EntryPoint\",\"urlTemplate\":\"https:\\\/\\\/posadzki.wnukart.pl\\\/pp_new\\\/?s={search_term_string}\"},\"query-input\":{\"@type\":\"PropertyValueSpecification\",\"valueRequired\":true,\"valueName\":\"search_term_string\"}}],\"inLanguage\":\"pl-PL\"}]}<\/script>\n<!-- \/ Yoast SEO plugin. -->","yoast_head_json":{"title":"O firmie - Posadzki Pabianice - Damian Kabza","description":"Profesjonalne wylewanie posadzek betonowych, mixokret. Obs\u0142ugujemy ca\u0142y okr\u0119g \u0142\u00f3dzki. Gwarantujemy wysok\u0105 jako\u015b\u0107 naszych us\u0142ug oraz zadowolenie klienta.","robots":{"index":"index","follow":"follow","max-snippet":"max-snippet:-1","max-image-preview":"max-image-preview:large","max-video-preview":"max-video-preview:-1"},"canonical":"https:\/\/posadzki.wnukart.pl\/pp_new\/o-firmie\/","og_locale":"pl_PL","og_type":"article","og_title":"O firmie - Posadzki Pabianice - Damian Kabza","og_description":"Profesjonalne wylewanie posadzek betonowych, mixokret. Obs\u0142ugujemy ca\u0142y okr\u0119g \u0142\u00f3dzki. Gwarantujemy wysok\u0105 jako\u015b\u0107 naszych us\u0142ug oraz zadowolenie klienta.","og_url":"https:\/\/posadzki.wnukart.pl\/pp_new\/o-firmie\/","og_site_name":"Posadzki Pabianice - Damian Kabza","article_publisher":"https:\/\/www.facebook.com\/WylewkiPosadzki-maszynowe-Pabianice-Damian-Kabza-572546549422133","article_modified_time":"2021-02-02T00:37:58+00:00","og_image":[{"url":"http:\/\/posadzki.wnukart.pl\/pp_new\/wp-content\/uploads\/2019\/03\/wylewki_mixokret_dom_prywatny-1-1024x768.jpg","type":"","width":"","height":""}],"twitter_card":"summary_large_image","twitter_misc":{"Szacowany czas czytania":"1 minuta"},"schema":{"@context":"https:\/\/schema.org","@graph":[{"@type":"WebPage","@id":"https:\/\/posadzki.wnukart.pl\/pp_new\/o-firmie\/","url":"https:\/\/posadzki.wnukart.pl\/pp_new\/o-firmie\/","name":"O firmie - Posadzki Pabianice - Damian Kabza","isPartOf":{"@id":"https:\/\/posadzki.wnukart.pl\/pp_new\/#website"},"primaryImageOfPage":{"@id":"https:\/\/posadzki.wnukart.pl\/pp_new\/o-firmie\/#primaryimage"},"image":{"@id":"https:\/\/posadzki.wnukart.pl\/pp_new\/o-firmie\/#primaryimage"},"thumbnailUrl":"http:\/\/posadzki.wnukart.pl\/pp_new\/wp-content\/uploads\/2019\/03\/wylewki_mixokret_dom_prywatny-1-1024x768.jpg","datePublished":"2018-11-30T15:03:48+00:00","dateModified":"2021-02-02T00:37:58+00:00","description":"Profesjonalne wylewanie posadzek betonowych, mixokret. Obs\u0142ugujemy ca\u0142y okr\u0119g \u0142\u00f3dzki. Gwarantujemy wysok\u0105 jako\u015b\u0107 naszych us\u0142ug oraz zadowolenie klienta.","breadcrumb":{"@id":"https:\/\/posadzki.wnukart.pl\/pp_new\/o-firmie\/#breadcrumb"},"inLanguage":"pl-PL","potentialAction":[{"@type":"ReadAction","target":["https:\/\/posadzki.wnukart.pl\/pp_new\/o-firmie\/"]}]},{"@type":"ImageObject","inLanguage":"pl-PL","@id":"https:\/\/posadzki.wnukart.pl\/pp_new\/o-firmie\/#primaryimage","url":"https:\/\/posadzki.wnukart.pl\/pp_new\/wp-content\/uploads\/2019\/03\/wylewki_mixokret_dom_prywatny-1.jpg","contentUrl":"https:\/\/posadzki.wnukart.pl\/pp_new\/wp-content\/uploads\/2019\/03\/wylewki_mixokret_dom_prywatny-1.jpg","width":2048,"height":1536},{"@type":"BreadcrumbList","@id":"https:\/\/posadzki.wnukart.pl\/pp_new\/o-firmie\/#breadcrumb","itemListElement":[{"@type":"ListItem","position":1,"name":"Strona g\u0142\u00f3wna","item":"https:\/\/posadzki.wnukart.pl\/pp_new\/"},{"@type":"ListItem","position":2,"name":"O firmie"}]},{"@type":"WebSite","@id":"https:\/\/posadzki.wnukart.pl\/pp_new\/#website","url":"https:\/\/posadzki.wnukart.pl\/pp_new\/","name":"Posadzki Pabianice - Damian Kabza","description":"Profesjonalne wylewanie posadzek betonowych,wylewek maszynowych zacieranych mechanicznie - \u0141\u00f3dz, Pabianice, Ksawer\u00f3w, Konstantyn\u00f3w \u0141\u00f3dzki, Aleksandr\u00f3w \u0141\u00f3dzki, \u0141ask, Zdunska Wola - Gwarancja Jako\u015bci","potentialAction":[{"@type":"SearchAction","target":{"@type":"EntryPoint","urlTemplate":"https:\/\/posadzki.wnukart.pl\/pp_new\/?s={search_term_string}"},"query-input":{"@type":"PropertyValueSpecification","valueRequired":true,"valueName":"search_term_string"}}],"inLanguage":"pl-PL"}]}},"_links":{"self":[{"href":"https:\/\/posadzki.wnukart.pl\/pp_new\/wp-json\/wp\/v2\/pages\/2","targetHints":{"allow":["GET"]}}],"collection":[{"href":"https:\/\/posadzki.wnukart.pl\/pp_new\/wp-json\/wp\/v2\/pages"}],"about":[{"href":"https:\/\/posadzki.wnukart.pl\/pp_new\/wp-json\/wp\/v2\/types\/page"}],"author":[{"embeddable":true,"href":"https:\/\/posadzki.wnukart.pl\/pp_new\/wp-json\/wp\/v2\/users\/1"}],"replies":[{"embeddable":true,"href":"https:\/\/posadzki.wnukart.pl\/pp_new\/wp-json\/wp\/v2\/comments?post=2"}],"version-history":[{"count":23,"href":"https:\/\/posadzki.wnukart.pl\/pp_new\/wp-json\/wp\/v2\/pages\/2\/revisions"}],"predecessor-version":[{"id":2213,"href":"https:\/\/posadzki.wnukart.pl\/pp_new\/wp-json\/wp\/v2\/pages\/2\/revisions\/2213"}],"wp:attachment":[{"href":"https:\/\/posadzki.wnukart.pl\/pp_new\/wp-json\/wp\/v2\/media?parent=2"}],"curies":[{"name":"wp","href":"https:\/\/api.w.org\/{rel}","templated":true}]}}