{"id":90,"date":"2016-05-05T21:30:51","date_gmt":"2016-05-05T21:30:51","guid":{"rendered":"http:\/\/lab1.shufflehound.com\/experiments\/?page_id=90"},"modified":"2021-02-02T11:20:34","modified_gmt":"2021-02-02T11:20:34","slug":"realizacje","status":"publish","type":"page","link":"https:\/\/posadzki.wnukart.pl\/pp_new\/realizacje\/","title":{"rendered":"Realizacje"},"content":{"rendered":"<section class=\"sh-section sh-section-b4768bb43bc96fd740c491a5dce35961 fw-main-row sh-section-visibility-everywhere\" id=\"aboutus\">\n<div class=\"sh-section-container container\">\n<div class=\"fw-row\">\n<div class=\"sh-column sh-column-a41066868d9a004b0f76354e705de8a9 fw-col-xs-12\">\n<div class=\"sh-column-wrapper\">\n<div id=\"text-block-d48f92e12548873ad160679b5bd9a98d\" class=\"sh-text-block\">\n<p style=\"text-align: center\">Zapraszamy do zapoznania si\u0119 z naszymi <span style=\"color: #000000\"><strong>realizacjami<\/strong><\/span><\/p>\n<\/div>\n<div id=\"text-block-c6e3450735d4be66442f29619c07e284\" class=\"sh-text-block\">\n<p>Poni\u017cej znajdziesz zdj\u0119cia wykonanych przez nas realizacji. Je\u015bli masz jakie\u015b pytania dotycz\u0105ce oferowanych przez nas us\u0142ug lub poszukujesz solidnej firmy, kt\u00f3ra wykona dla Ciebie wylewki, stropy, dylatacje zapraszamy do <a href=\"http:\/\/posadzki.wnukart.pl\/pp_new\/kontakt\/\"><strong>sekcji kontakt<\/strong><\/a>.<\/p>\n<\/div><\/div>\n<\/div>\n<\/div><\/div>\n<\/section>\n<section class=\"sh-section sh-section-1ecbae7fea31e026a5acb5704b40f33c fw-main-row sh-section-visibility-everywhere\">\n<div class=\"sh-section-container container\">\n<div class=\"fw-row\">\n<div class=\"sh-column sh-column-14f00970f579148ca9135d685a1197a7 fw-col-xs-12\">\n<div class=\"sh-column-wrapper\">\n<div id=\"portfolio-fancy-filter-184d5a462af00b59eedb03ad8287a1c6\" class=\"sh-filter-container sh-filter-fancy-container sh-portfolio-filter-default sh-portfolio-filter-alignment-center sh-portfolio-filter-mobile-alignment-center\">\n<div class=\"sh-filer-icon\">\n\t\t\t\t<i class=\"icon-layers\"><\/i>\n\t\t\t<\/div>\n<div class=\"sh-filter\" id=\"filter-184d5a462af00b59eedb03ad8287a1c6\">\n\t\t\t<span class=\"sh-filter-item active\" data-filter=\"*\" data-href=\"http:\/\/posadzki.wnukart.pl\/pp_new\/realizacje\/\"><\/p>\n<div class=\"sh-filter-item-content\">All<\/div>\n<p>\t\t\t<\/span><\/p>\n<p>\t\t\t\t\t\t\t\t\t\t\t\t\t\t\t<span class=\"sh-filter-item\" data-filter=\".category-baseny\" data-href=\"http:\/\/posadzki.wnukart.pl\/pp_new\/realizacje\/?category=baseny\"><\/p>\n<div class=\"sh-filter-item-content\">Baseny<\/div>\n<p>\t\t\t\t\t\t<\/span><br \/>\n\t\t\t\t\t\t\t\t\t\t\t\t\t\t\t\t\t\t\t\t<span class=\"sh-filter-item\" data-filter=\".category-domy\" data-href=\"http:\/\/posadzki.wnukart.pl\/pp_new\/realizacje\/?category=domy\"><\/p>\n<div class=\"sh-filter-item-content\">Domy<\/div>\n<p>\t\t\t\t\t\t<\/span><br \/>\n\t\t\t\t\t\t\t\t\t\t\t\t\t\t\t\t\t\t\t\t<span class=\"sh-filter-item\" data-filter=\".category-ogrzewanie-podlogowe\" data-href=\"http:\/\/posadzki.wnukart.pl\/pp_new\/realizacje\/?category=ogrzewanie-podlogowe\"><\/p>\n<div class=\"sh-filter-item-content\">Ogrzewanie pod\u0142ogowe<\/div>\n<p>\t\t\t\t\t\t<\/span><br \/>\n\t\t\t\t\t\t\t\t\t\t\t\t\t\t\t\t\t\t\t\t<span class=\"sh-filter-item\" data-filter=\".category-siatki\" data-href=\"http:\/\/posadzki.wnukart.pl\/pp_new\/realizacje\/?category=siatki\"><\/p>\n<div class=\"sh-filter-item-content\">Siatki<\/div>\n<p>\t\t\t\t\t\t<\/span><br \/>\n\t\t\t\t\t\t\t\t\t\t\t\t\t\t\t\t\t\t\t\t<span class=\"sh-filter-item\" data-filter=\".category-tarasy\" data-href=\"http:\/\/posadzki.wnukart.pl\/pp_new\/realizacje\/?category=tarasy\"><\/p>\n<div class=\"sh-filter-item-content\">Tarasy<\/div>\n<p>\t\t\t\t\t\t<\/span><\/p><\/div><\/div>\n<div id=\"portfolio-fancy-184d5a462af00b59eedb03ad8287a1c6\" class=\"sh-portfolio-fancy sh-portfolio-fancy-columns3\">\n<div class=\"sh-portfolio-fancy-item category-ogrzewanie-podlogowe\" id=\"portfolio-2154\">\n<div class=\"sh-portfolio-fancy-itemc-container\">\n<p>\t\t\t\t\t\t\t\t\t<img decoding=\"async\" class=\"sh-portfolio-img\" src=\"http:\/\/posadzki.wnukart.pl\/pp_new\/wp-content\/uploads\/2019\/03\/ogrzewanie_podlogowe_wylewki_mixokret_optimized-660x420.jpg\" alt=\"\" \/><\/p>\n<p>\t\t\t\t<a href=\"http:\/\/posadzki.wnukart.pl\/pp_new\/fw-portfolio\/ogrzewanie-podlogowe\/\" class=\"sh-portfolio-fancy-item-overlay-bg\"><\/a><\/p>\n<div class=\"sh-portfolio-fancy-item-overlay\">\n<div class=\"sh-portfolio-fancy-item-overlay-container\">\n\t\t\t\t\t\t<a href=\"http:\/\/posadzki.wnukart.pl\/pp_new\/fw-portfolio\/ogrzewanie-podlogowe\/\" class=\"sh-portfolio-fancy-item-overlay-title\"><\/p>\n<h3>Ogrzewanie pod\u0142ogowe<\/h3>\n<p>\t\t\t\t\t\t<\/a><\/p>\n<div class=\"sh-portfolio-fancy-item-overlay-categories\">\n\t\t\t\t\t\t\t<a href=\"http:\/\/posadzki.wnukart.pl\/pp_new\/\/ogrzewanie-podlogowe\/\" class=\"sh-portfolio-category sh-heading-font\">Ogrzewanie pod\u0142ogowe<\/a>\t\t\t\t\t\t<\/div>\n<p>\t\t\t\t\t\t<a href=\"http:\/\/posadzki.wnukart.pl\/pp_new\/wp-content\/uploads\/2019\/03\/ogrzewanie_podlogowe_wylewki_mixokret_optimized-660x420.jpg\" data-rel=\"lightcase:portfolio184d5a462af00b59eedb03ad8287a1c6\" class=\"sh-portfolio-fancy-item-overlay-lightbox\"><br \/>\n\t\t\t\t\t\t\t<i class=\"icon icon-size-fullscreen\"><\/i><br \/>\n\t\t\t\t\t\t<\/a>\n\t\t\t\t\t<\/div><\/div><\/div><\/div>\n<div class=\"sh-portfolio-fancy-item category-siatki\" id=\"portfolio-2142\">\n<div class=\"sh-portfolio-fancy-itemc-container\">\n<p>\t\t\t\t\t\t\t\t\t<img decoding=\"async\" class=\"sh-portfolio-img\" src=\"http:\/\/posadzki.wnukart.pl\/pp_new\/wp-content\/uploads\/2019\/03\/siatka_wylewki_pabianice_mixokret-660x420.jpg\" alt=\"\" \/><\/p>\n<p>\t\t\t\t<a href=\"http:\/\/posadzki.wnukart.pl\/pp_new\/fw-portfolio\/zbrojenie-metalowa-siatka-na-podsypce\/\" class=\"sh-portfolio-fancy-item-overlay-bg\"><\/a><\/p>\n<div class=\"sh-portfolio-fancy-item-overlay\">\n<div class=\"sh-portfolio-fancy-item-overlay-container\">\n\t\t\t\t\t\t<a href=\"http:\/\/posadzki.wnukart.pl\/pp_new\/fw-portfolio\/zbrojenie-metalowa-siatka-na-podsypce\/\" class=\"sh-portfolio-fancy-item-overlay-title\"><\/p>\n<h3>Zbrojenie metalow\u0105 siatk\u0105 na podsypce<\/h3>\n<p>\t\t\t\t\t\t<\/a><\/p>\n<div class=\"sh-portfolio-fancy-item-overlay-categories\">\n\t\t\t\t\t\t\t<a href=\"http:\/\/posadzki.wnukart.pl\/pp_new\/\/siatki\/\" class=\"sh-portfolio-category sh-heading-font\">Siatki<\/a>\t\t\t\t\t\t<\/div>\n<p>\t\t\t\t\t\t<a href=\"http:\/\/posadzki.wnukart.pl\/pp_new\/wp-content\/uploads\/2019\/03\/siatka_wylewki_pabianice_mixokret-660x420.jpg\" data-rel=\"lightcase:portfolio184d5a462af00b59eedb03ad8287a1c6\" class=\"sh-portfolio-fancy-item-overlay-lightbox\"><br \/>\n\t\t\t\t\t\t\t<i class=\"icon icon-size-fullscreen\"><\/i><br \/>\n\t\t\t\t\t\t<\/a>\n\t\t\t\t\t<\/div><\/div><\/div><\/div>\n<div class=\"sh-portfolio-fancy-item category-baseny\" id=\"portfolio-1996\">\n<div class=\"sh-portfolio-fancy-itemc-container\">\n<p>\t\t\t\t\t\t\t\t\t<img decoding=\"async\" class=\"sh-portfolio-img\" src=\"http:\/\/posadzki.wnukart.pl\/pp_new\/wp-content\/uploads\/2019\/03\/basen_wylewka-660x420.jpg\" alt=\"\" \/><\/p>\n<p>\t\t\t\t<a href=\"http:\/\/posadzki.wnukart.pl\/pp_new\/fw-portfolio\/wylewka-betonowa-basen\/\" class=\"sh-portfolio-fancy-item-overlay-bg\"><\/a><\/p>\n<div class=\"sh-portfolio-fancy-item-overlay\">\n<div class=\"sh-portfolio-fancy-item-overlay-container\">\n\t\t\t\t\t\t<a href=\"http:\/\/posadzki.wnukart.pl\/pp_new\/fw-portfolio\/wylewka-betonowa-basen\/\" class=\"sh-portfolio-fancy-item-overlay-title\"><\/p>\n<h3>Wylewka betonowa basen<\/h3>\n<p>\t\t\t\t\t\t<\/a><\/p>\n<div class=\"sh-portfolio-fancy-item-overlay-categories\">\n\t\t\t\t\t\t\t<a href=\"http:\/\/posadzki.wnukart.pl\/pp_new\/\/baseny\/\" class=\"sh-portfolio-category sh-heading-font\">Baseny<\/a>\t\t\t\t\t\t<\/div>\n<p>\t\t\t\t\t\t<a href=\"http:\/\/posadzki.wnukart.pl\/pp_new\/wp-content\/uploads\/2019\/03\/basen_wylewka-660x420.jpg\" data-rel=\"lightcase:portfolio184d5a462af00b59eedb03ad8287a1c6\" class=\"sh-portfolio-fancy-item-overlay-lightbox\"><br \/>\n\t\t\t\t\t\t\t<i class=\"icon icon-size-fullscreen\"><\/i><br \/>\n\t\t\t\t\t\t<\/a>\n\t\t\t\t\t<\/div><\/div><\/div><\/div>\n<div class=\"sh-portfolio-fancy-item category-tarasy\" id=\"portfolio-1956\">\n<div class=\"sh-portfolio-fancy-itemc-container\">\n<p>\t\t\t\t\t\t\t\t\t<img decoding=\"async\" class=\"sh-portfolio-img\" src=\"http:\/\/posadzki.wnukart.pl\/pp_new\/wp-content\/uploads\/2019\/03\/wylewki_w_domu_prywatnym1_optimized-660x420.jpg\" alt=\"\" \/><\/p>\n<p>\t\t\t\t<a href=\"http:\/\/posadzki.wnukart.pl\/pp_new\/fw-portfolio\/wylewki-taras\/\" class=\"sh-portfolio-fancy-item-overlay-bg\"><\/a><\/p>\n<div class=\"sh-portfolio-fancy-item-overlay\">\n<div class=\"sh-portfolio-fancy-item-overlay-container\">\n\t\t\t\t\t\t<a href=\"http:\/\/posadzki.wnukart.pl\/pp_new\/fw-portfolio\/wylewki-taras\/\" class=\"sh-portfolio-fancy-item-overlay-title\"><\/p>\n<h3>Wylewki taras<\/h3>\n<p>\t\t\t\t\t\t<\/a><\/p>\n<div class=\"sh-portfolio-fancy-item-overlay-categories\">\n\t\t\t\t\t\t\t<a href=\"http:\/\/posadzki.wnukart.pl\/pp_new\/\/tarasy\/\" class=\"sh-portfolio-category sh-heading-font\">Tarasy<\/a>\t\t\t\t\t\t<\/div>\n<p>\t\t\t\t\t\t<a href=\"http:\/\/posadzki.wnukart.pl\/pp_new\/wp-content\/uploads\/2019\/03\/wylewki_w_domu_prywatnym1_optimized-660x420.jpg\" data-rel=\"lightcase:portfolio184d5a462af00b59eedb03ad8287a1c6\" class=\"sh-portfolio-fancy-item-overlay-lightbox\"><br \/>\n\t\t\t\t\t\t\t<i class=\"icon icon-size-fullscreen\"><\/i><br \/>\n\t\t\t\t\t\t<\/a>\n\t\t\t\t\t<\/div><\/div><\/div><\/div>\n<div class=\"sh-portfolio-fancy-item category-domy\" id=\"portfolio-1644\">\n<div class=\"sh-portfolio-fancy-itemc-container\">\n<p>\t\t\t\t\t\t\t\t\t<img decoding=\"async\" class=\"sh-portfolio-img\" src=\"http:\/\/posadzki.wnukart.pl\/pp_new\/wp-content\/uploads\/2019\/03\/wylewki_mixokret_dom_prywatny-1-660x420.jpg\" alt=\"\" \/><\/p>\n<p>\t\t\t\t<a href=\"http:\/\/posadzki.wnukart.pl\/pp_new\/fw-portfolio\/wylewki-w-domu\/\" class=\"sh-portfolio-fancy-item-overlay-bg\"><\/a><\/p>\n<div class=\"sh-portfolio-fancy-item-overlay\">\n<div class=\"sh-portfolio-fancy-item-overlay-container\">\n\t\t\t\t\t\t<a href=\"http:\/\/posadzki.wnukart.pl\/pp_new\/fw-portfolio\/wylewki-w-domu\/\" class=\"sh-portfolio-fancy-item-overlay-title\"><\/p>\n<h3>Wylewki w domu<\/h3>\n<p>\t\t\t\t\t\t<\/a><\/p>\n<div class=\"sh-portfolio-fancy-item-overlay-categories\">\n\t\t\t\t\t\t\t<a href=\"http:\/\/posadzki.wnukart.pl\/pp_new\/\/domy\/\" class=\"sh-portfolio-category sh-heading-font\">Domy<\/a>\t\t\t\t\t\t<\/div>\n<p>\t\t\t\t\t\t<a href=\"http:\/\/posadzki.wnukart.pl\/pp_new\/wp-content\/uploads\/2019\/03\/wylewki_mixokret_dom_prywatny-1-660x420.jpg\" data-rel=\"lightcase:portfolio184d5a462af00b59eedb03ad8287a1c6\" class=\"sh-portfolio-fancy-item-overlay-lightbox\"><br \/>\n\t\t\t\t\t\t\t<i class=\"icon icon-size-fullscreen\"><\/i><br \/>\n\t\t\t\t\t\t<\/a>\n\t\t\t\t\t<\/div><\/div><\/div><\/div><\/div><\/div>\n<\/div>\n<\/div><\/div>\n<\/section>\n<p><!-- 0cc125c417e3b91eea4a7f92d0115bfd --><\/p>\n","protected":false},"excerpt":{"rendered":"<p>Zapraszamy do zapoznania si\u0119 z naszymi realizacjami Poni\u017cej znajdziesz zdj\u0119cia wykonanych przez nas realizacji. Je\u015bli masz jakie\u015b pytania dotycz\u0105ce oferowanych przez nas us\u0142ug lub poszukujesz solidnej firmy, kt\u00f3ra wykona dla Ciebie wylewki, stropy, dylatacje zapraszamy do sekcji kontakt. All Baseny Domy Ogrzewanie pod\u0142ogowe Siatki Tarasy&#8230;<\/p>\n","protected":false},"author":1,"featured_media":0,"parent":0,"menu_order":0,"comment_status":"closed","ping_status":"closed","template":"","meta":{"footnotes":""},"class_list":["post-90","page","type-page","status-publish","hentry"],"yoast_head":"<!-- This site is optimized with the Yoast SEO plugin v27.4 - https:\/\/yoast.com\/product\/yoast-seo-wordpress\/ -->\n<title>Realizacje - Posadzki Pabianice - Damian Kabza<\/title>\n<meta name=\"description\" content=\"Posadzki realizacje. Poni\u017cej znajdziesz zdj\u0119cia wykonanych przez nas wylewek. Zapraszamy do zapoznania si\u0119 nasz\u0105 ofert\u0105 i obejrzenia wykonanych realizacji.\" \/>\n<meta name=\"robots\" content=\"index, follow, max-snippet:-1, max-image-preview:large, max-video-preview:-1\" \/>\n<link rel=\"canonical\" href=\"https:\/\/posadzki.wnukart.pl\/pp_new\/realizacje\/\" \/>\n<meta property=\"og:locale\" content=\"pl_PL\" \/>\n<meta property=\"og:type\" content=\"article\" \/>\n<meta property=\"og:title\" content=\"Realizacje - Posadzki Pabianice - Damian Kabza\" \/>\n<meta property=\"og:description\" content=\"Posadzki realizacje. Poni\u017cej znajdziesz zdj\u0119cia wykonanych przez nas wylewek. Zapraszamy do zapoznania si\u0119 nasz\u0105 ofert\u0105 i obejrzenia wykonanych realizacji.\" \/>\n<meta property=\"og:url\" content=\"https:\/\/posadzki.wnukart.pl\/pp_new\/realizacje\/\" \/>\n<meta property=\"og:site_name\" content=\"Posadzki Pabianice - Damian Kabza\" \/>\n<meta property=\"article:publisher\" content=\"https:\/\/www.facebook.com\/WylewkiPosadzki-maszynowe-Pabianice-Damian-Kabza-572546549422133\" \/>\n<meta property=\"article:modified_time\" content=\"2021-02-02T11:20:34+00:00\" \/>\n<meta property=\"og:image\" content=\"http:\/\/posadzki.wnukart.pl\/pp_new\/wp-content\/uploads\/2019\/03\/ogrzewanie_podlogowe_wylewki_mixokret_optimized-660x420.jpg\" \/>\n<meta name=\"twitter:card\" content=\"summary_large_image\" \/>\n<script type=\"application\/ld+json\" class=\"yoast-schema-graph\">{\"@context\":\"https:\\\/\\\/schema.org\",\"@graph\":[{\"@type\":\"WebPage\",\"@id\":\"https:\\\/\\\/posadzki.wnukart.pl\\\/pp_new\\\/realizacje\\\/\",\"url\":\"https:\\\/\\\/posadzki.wnukart.pl\\\/pp_new\\\/realizacje\\\/\",\"name\":\"Realizacje - Posadzki Pabianice - Damian Kabza\",\"isPartOf\":{\"@id\":\"https:\\\/\\\/posadzki.wnukart.pl\\\/pp_new\\\/#website\"},\"primaryImageOfPage\":{\"@id\":\"https:\\\/\\\/posadzki.wnukart.pl\\\/pp_new\\\/realizacje\\\/#primaryimage\"},\"image\":{\"@id\":\"https:\\\/\\\/posadzki.wnukart.pl\\\/pp_new\\\/realizacje\\\/#primaryimage\"},\"thumbnailUrl\":\"http:\\\/\\\/posadzki.wnukart.pl\\\/pp_new\\\/wp-content\\\/uploads\\\/2019\\\/03\\\/ogrzewanie_podlogowe_wylewki_mixokret_optimized-660x420.jpg\",\"datePublished\":\"2016-05-05T21:30:51+00:00\",\"dateModified\":\"2021-02-02T11:20:34+00:00\",\"description\":\"Posadzki realizacje. Poni\u017cej znajdziesz zdj\u0119cia wykonanych przez nas wylewek. Zapraszamy do zapoznania si\u0119 nasz\u0105 ofert\u0105 i obejrzenia wykonanych realizacji.\",\"breadcrumb\":{\"@id\":\"https:\\\/\\\/posadzki.wnukart.pl\\\/pp_new\\\/realizacje\\\/#breadcrumb\"},\"inLanguage\":\"pl-PL\",\"potentialAction\":[{\"@type\":\"ReadAction\",\"target\":[\"https:\\\/\\\/posadzki.wnukart.pl\\\/pp_new\\\/realizacje\\\/\"]}]},{\"@type\":\"ImageObject\",\"inLanguage\":\"pl-PL\",\"@id\":\"https:\\\/\\\/posadzki.wnukart.pl\\\/pp_new\\\/realizacje\\\/#primaryimage\",\"url\":\"https:\\\/\\\/posadzki.wnukart.pl\\\/pp_new\\\/wp-content\\\/uploads\\\/2019\\\/03\\\/ogrzewanie_podlogowe_wylewki_mixokret_optimized.jpg\",\"contentUrl\":\"https:\\\/\\\/posadzki.wnukart.pl\\\/pp_new\\\/wp-content\\\/uploads\\\/2019\\\/03\\\/ogrzewanie_podlogowe_wylewki_mixokret_optimized.jpg\",\"width\":2048,\"height\":1536},{\"@type\":\"BreadcrumbList\",\"@id\":\"https:\\\/\\\/posadzki.wnukart.pl\\\/pp_new\\\/realizacje\\\/#breadcrumb\",\"itemListElement\":[{\"@type\":\"ListItem\",\"position\":1,\"name\":\"Strona g\u0142\u00f3wna\",\"item\":\"https:\\\/\\\/posadzki.wnukart.pl\\\/pp_new\\\/\"},{\"@type\":\"ListItem\",\"position\":2,\"name\":\"Realizacje\"}]},{\"@type\":\"WebSite\",\"@id\":\"https:\\\/\\\/posadzki.wnukart.pl\\\/pp_new\\\/#website\",\"url\":\"https:\\\/\\\/posadzki.wnukart.pl\\\/pp_new\\\/\",\"name\":\"Posadzki Pabianice - Damian Kabza\",\"description\":\"Profesjonalne wylewanie posadzek betonowych,wylewek maszynowych zacieranych mechanicznie - \u0141\u00f3dz, Pabianice, Ksawer\u00f3w, Konstantyn\u00f3w \u0141\u00f3dzki, Aleksandr\u00f3w \u0141\u00f3dzki, \u0141ask, Zdunska Wola - Gwarancja Jako\u015bci\",\"potentialAction\":[{\"@type\":\"SearchAction\",\"target\":{\"@type\":\"EntryPoint\",\"urlTemplate\":\"https:\\\/\\\/posadzki.wnukart.pl\\\/pp_new\\\/?s={search_term_string}\"},\"query-input\":{\"@type\":\"PropertyValueSpecification\",\"valueRequired\":true,\"valueName\":\"search_term_string\"}}],\"inLanguage\":\"pl-PL\"}]}<\/script>\n<!-- \/ Yoast SEO plugin. -->","yoast_head_json":{"title":"Realizacje - Posadzki Pabianice - Damian Kabza","description":"Posadzki realizacje. Poni\u017cej znajdziesz zdj\u0119cia wykonanych przez nas wylewek. Zapraszamy do zapoznania si\u0119 nasz\u0105 ofert\u0105 i obejrzenia wykonanych realizacji.","robots":{"index":"index","follow":"follow","max-snippet":"max-snippet:-1","max-image-preview":"max-image-preview:large","max-video-preview":"max-video-preview:-1"},"canonical":"https:\/\/posadzki.wnukart.pl\/pp_new\/realizacje\/","og_locale":"pl_PL","og_type":"article","og_title":"Realizacje - Posadzki Pabianice - Damian Kabza","og_description":"Posadzki realizacje. Poni\u017cej znajdziesz zdj\u0119cia wykonanych przez nas wylewek. Zapraszamy do zapoznania si\u0119 nasz\u0105 ofert\u0105 i obejrzenia wykonanych realizacji.","og_url":"https:\/\/posadzki.wnukart.pl\/pp_new\/realizacje\/","og_site_name":"Posadzki Pabianice - Damian Kabza","article_publisher":"https:\/\/www.facebook.com\/WylewkiPosadzki-maszynowe-Pabianice-Damian-Kabza-572546549422133","article_modified_time":"2021-02-02T11:20:34+00:00","og_image":[{"url":"http:\/\/posadzki.wnukart.pl\/pp_new\/wp-content\/uploads\/2019\/03\/ogrzewanie_podlogowe_wylewki_mixokret_optimized-660x420.jpg","type":"","width":"","height":""}],"twitter_card":"summary_large_image","schema":{"@context":"https:\/\/schema.org","@graph":[{"@type":"WebPage","@id":"https:\/\/posadzki.wnukart.pl\/pp_new\/realizacje\/","url":"https:\/\/posadzki.wnukart.pl\/pp_new\/realizacje\/","name":"Realizacje - Posadzki Pabianice - Damian Kabza","isPartOf":{"@id":"https:\/\/posadzki.wnukart.pl\/pp_new\/#website"},"primaryImageOfPage":{"@id":"https:\/\/posadzki.wnukart.pl\/pp_new\/realizacje\/#primaryimage"},"image":{"@id":"https:\/\/posadzki.wnukart.pl\/pp_new\/realizacje\/#primaryimage"},"thumbnailUrl":"http:\/\/posadzki.wnukart.pl\/pp_new\/wp-content\/uploads\/2019\/03\/ogrzewanie_podlogowe_wylewki_mixokret_optimized-660x420.jpg","datePublished":"2016-05-05T21:30:51+00:00","dateModified":"2021-02-02T11:20:34+00:00","description":"Posadzki realizacje. Poni\u017cej znajdziesz zdj\u0119cia wykonanych przez nas wylewek. Zapraszamy do zapoznania si\u0119 nasz\u0105 ofert\u0105 i obejrzenia wykonanych realizacji.","breadcrumb":{"@id":"https:\/\/posadzki.wnukart.pl\/pp_new\/realizacje\/#breadcrumb"},"inLanguage":"pl-PL","potentialAction":[{"@type":"ReadAction","target":["https:\/\/posadzki.wnukart.pl\/pp_new\/realizacje\/"]}]},{"@type":"ImageObject","inLanguage":"pl-PL","@id":"https:\/\/posadzki.wnukart.pl\/pp_new\/realizacje\/#primaryimage","url":"https:\/\/posadzki.wnukart.pl\/pp_new\/wp-content\/uploads\/2019\/03\/ogrzewanie_podlogowe_wylewki_mixokret_optimized.jpg","contentUrl":"https:\/\/posadzki.wnukart.pl\/pp_new\/wp-content\/uploads\/2019\/03\/ogrzewanie_podlogowe_wylewki_mixokret_optimized.jpg","width":2048,"height":1536},{"@type":"BreadcrumbList","@id":"https:\/\/posadzki.wnukart.pl\/pp_new\/realizacje\/#breadcrumb","itemListElement":[{"@type":"ListItem","position":1,"name":"Strona g\u0142\u00f3wna","item":"https:\/\/posadzki.wnukart.pl\/pp_new\/"},{"@type":"ListItem","position":2,"name":"Realizacje"}]},{"@type":"WebSite","@id":"https:\/\/posadzki.wnukart.pl\/pp_new\/#website","url":"https:\/\/posadzki.wnukart.pl\/pp_new\/","name":"Posadzki Pabianice - Damian Kabza","description":"Profesjonalne wylewanie posadzek betonowych,wylewek maszynowych zacieranych mechanicznie - \u0141\u00f3dz, Pabianice, Ksawer\u00f3w, Konstantyn\u00f3w \u0141\u00f3dzki, Aleksandr\u00f3w \u0141\u00f3dzki, \u0141ask, Zdunska Wola - Gwarancja Jako\u015bci","potentialAction":[{"@type":"SearchAction","target":{"@type":"EntryPoint","urlTemplate":"https:\/\/posadzki.wnukart.pl\/pp_new\/?s={search_term_string}"},"query-input":{"@type":"PropertyValueSpecification","valueRequired":true,"valueName":"search_term_string"}}],"inLanguage":"pl-PL"}]}},"_links":{"self":[{"href":"https:\/\/posadzki.wnukart.pl\/pp_new\/wp-json\/wp\/v2\/pages\/90","targetHints":{"allow":["GET"]}}],"collection":[{"href":"https:\/\/posadzki.wnukart.pl\/pp_new\/wp-json\/wp\/v2\/pages"}],"about":[{"href":"https:\/\/posadzki.wnukart.pl\/pp_new\/wp-json\/wp\/v2\/types\/page"}],"author":[{"embeddable":true,"href":"https:\/\/posadzki.wnukart.pl\/pp_new\/wp-json\/wp\/v2\/users\/1"}],"replies":[{"embeddable":true,"href":"https:\/\/posadzki.wnukart.pl\/pp_new\/wp-json\/wp\/v2\/comments?post=90"}],"version-history":[{"count":42,"href":"https:\/\/posadzki.wnukart.pl\/pp_new\/wp-json\/wp\/v2\/pages\/90\/revisions"}],"predecessor-version":[{"id":2237,"href":"https:\/\/posadzki.wnukart.pl\/pp_new\/wp-json\/wp\/v2\/pages\/90\/revisions\/2237"}],"wp:attachment":[{"href":"https:\/\/posadzki.wnukart.pl\/pp_new\/wp-json\/wp\/v2\/media?parent=90"}],"curies":[{"name":"wp","href":"https:\/\/api.w.org\/{rel}","templated":true}]}}